{"id":3190,"date":"2023-09-01T09:36:05","date_gmt":"2023-09-01T09:36:05","guid":{"rendered":"http:\/\/eco-modular.es\/?page_id=3190"},"modified":"2023-09-01T09:37:35","modified_gmt":"2023-09-01T09:37:35","slug":"uso-de-herramientas-de-accesibilidad","status":"publish","type":"page","link":"https:\/\/eco-modular.es\/en\/uso-de-herramientas-de-accesibilidad\/","title":{"rendered":"Uso de herramientas de accesibilidad"},"content":{"rendered":"<div data-elementor-type=\"wp-page\" data-elementor-id=\"3190\" class=\"elementor elementor-3190\">\n\t\t\t\t\t\t\t\t\t<section class=\"elementor-section elementor-top-section elementor-element elementor-element-8c954a9 elementor-section-full_width elementor-section-height-min-height elementor-section-height-default elementor-section-items-middle\" data-id=\"8c954a9\" data-element_type=\"section\" data-settings=\"{&quot;background_background&quot;:&quot;classic&quot;,&quot;_ha_eqh_enable&quot;:false}\">\n\t\t\t\t\t\t\t<div class=\"elementor-background-overlay\"><\/div>\n\t\t\t\t\t\t\t<div class=\"elementor-container elementor-column-gap-default\">\n\t\t\t\t\t<div class=\"elementor-column elementor-col-100 elementor-top-column elementor-element elementor-element-c76cb9d\" data-id=\"c76cb9d\" data-element_type=\"column\">\n\t\t\t<div class=\"elementor-widget-wrap elementor-element-populated\">\n\t\t\t\t\t\t\t\t<div class=\"elementor-element elementor-element-78bcdd5 elementor-align-center elementor-widget__width-initial elementor-widget elementor-widget-zeus-site-breadcrumbs\" data-id=\"78bcdd5\" data-element_type=\"widget\" data-widget_type=\"zeus-site-breadcrumbs.default\">\n\t\t\t\t<div class=\"elementor-widget-container\">\n\t\t\t<nav role=\"navigation\" aria-label=\"Breadcrumbs\" class=\"zeus-breadcrumb-trail zeus-breadcrumbs\"><ul class=\"trail-items\"><li class=\"trail-item trail-end\"><a href=\"https:\/\/eco-modular.es\/en\/\" rel=\"home\"><span>Home<\/span><\/a><\/li><\/ul><\/nav>\t\t<\/div>\n\t\t\t\t<\/div>\n\t\t\t\t\t<\/div>\n\t\t<\/div>\n\t\t\t\t\t\t\t<\/div>\n\t\t<\/section>\n\t\t<div class=\"elementor-element elementor-element-f24e2e0 e-flex e-con-boxed e-con e-parent\" data-id=\"f24e2e0\" data-element_type=\"container\" data-settings=\"{&quot;container_type&quot;:&quot;flex&quot;,&quot;content_width&quot;:&quot;boxed&quot;}\" data-core-v316-plus=\"true\">\n\t\t\t\t\t<div class=\"e-con-inner\">\n\t\t\t\t<div class=\"elementor-element elementor-element-c278bd2 elementor-widget elementor-widget-heading\" data-id=\"c278bd2\" data-element_type=\"widget\" data-widget_type=\"heading.default\">\n\t\t\t\t<div class=\"elementor-widget-container\">\n\t\t\t<style>\/*! elementor - v3.16.0 - 14-09-2023 *\/\n.elementor-heading-title{padding:0;margin:0;line-height:1}.elementor-widget-heading .elementor-heading-title[class*=elementor-size-]>a{color:inherit;font-size:inherit;line-height:inherit}.elementor-widget-heading .elementor-heading-title.elementor-size-small{font-size:15px}.elementor-widget-heading .elementor-heading-title.elementor-size-medium{font-size:19px}.elementor-widget-heading .elementor-heading-title.elementor-size-large{font-size:29px}.elementor-widget-heading .elementor-heading-title.elementor-size-xl{font-size:39px}.elementor-widget-heading .elementor-heading-title.elementor-size-xxl{font-size:59px}<\/style><h4 class=\"elementor-heading-title elementor-size-default\">Uso de herramientas de accesibilidad\n<\/h4>\t\t<\/div>\n\t\t\t\t<\/div>\n\t\t\t\t<div class=\"elementor-element elementor-element-92cec55 elementor-widget elementor-widget-heading\" data-id=\"92cec55\" data-element_type=\"widget\" data-widget_type=\"heading.default\">\n\t\t\t\t<div class=\"elementor-widget-container\">\n\t\t\t<h4 class=\"elementor-heading-title elementor-size-default\">Herramienta de  accesibilidad general<\/h4>\t\t<\/div>\n\t\t\t\t<\/div>\n\t\t\t\t<div class=\"elementor-element elementor-element-5cfb33b elementor-widget elementor-widget-text-editor\" data-id=\"5cfb33b\" data-element_type=\"widget\" data-widget_type=\"text-editor.default\">\n\t\t\t\t<div class=\"elementor-widget-container\">\n\t\t\t<style>\/*! elementor - v3.16.0 - 14-09-2023 *\/\n.elementor-widget-text-editor.elementor-drop-cap-view-stacked .elementor-drop-cap{background-color:#69727d;color:#fff}.elementor-widget-text-editor.elementor-drop-cap-view-framed .elementor-drop-cap{color:#69727d;border:3px solid;background-color:transparent}.elementor-widget-text-editor:not(.elementor-drop-cap-view-default) .elementor-drop-cap{margin-top:8px}.elementor-widget-text-editor:not(.elementor-drop-cap-view-default) .elementor-drop-cap-letter{width:1em;height:1em}.elementor-widget-text-editor .elementor-drop-cap{float:left;text-align:center;line-height:1;font-size:50px}.elementor-widget-text-editor .elementor-drop-cap-letter{display:inline-block}<\/style>\t\t\t\t<div class=\"elementor-element elementor-element-d830b9c elementor-widget elementor-widget-text-editor\" data-id=\"d830b9c\" data-element_type=\"widget\" data-widget_type=\"text-editor.default\"><div class=\"elementor-widget-container\"><p>Si pulsas sobre el icono que aparece en el medio de tu pantalla del lado izquierdo se abre un men\u00fa en el cual podr\u00e1s realizar las siguientes acciones;<\/p><p>Aumentar y disminuir el tama\u00f1o de la letra<br \/>Escala de grises, todo el contenido se volver\u00e1 de color gris a diferentes escalas diferenciando los contenidos<br \/>Alto contraste, los contenidos pasan a un modo de contraste alto, para diferenciar los contenidos<br \/>Contraste negativo, todos los contenidos pasan a tener un contraste negativo ayudando a diferenciar las secciones<br \/>Fondo claro transforma toda la web y pone un fondo de color blanco a la misma.<br \/>subrayar enlaces, subraya todos los enlaces disponibles en la web<br \/>Fuente legible, transforma las fuentes del site a una fuente legible<br \/>Restablecer, restablece todos los valores a por defecto de la web.<\/p><\/div><\/div>\t\t\t\t\t\t<\/div>\n\t\t\t\t<\/div>\n\t\t\t\t\t<\/div>\n\t\t\t\t<\/div>\n\t\t\t\t\t\t\t<\/div>","protected":false},"excerpt":{"rendered":"<p>Uso de herramientas de accesibilidad Herramienta de accesibilidad general Si pulsas sobre el icono que aparece en el medio de tu pantalla del lado izquierdo se abre un men\u00fa en el cual podr\u00e1s realizar las siguientes acciones; Aumentar y disminuir el tama\u00f1o de la letraEscala de grises, todo el contenido se volver\u00e1 de color gris [&hellip;]<\/p>","protected":false},"author":1,"featured_media":0,"parent":0,"menu_order":0,"comment_status":"closed","ping_status":"closed","template":"elementor_header_footer","meta":{"footnotes":""},"yoast_head":"<!-- This site is optimized with the Yoast SEO plugin v21.1 - https:\/\/yoast.com\/wordpress\/plugins\/seo\/ -->\n<title>Uso de herramientas de accesibilidad - Viviendas modulares en Asturias<\/title>\n<meta name=\"robots\" content=\"index, follow, max-snippet:-1, max-image-preview:large, max-video-preview:-1\" \/>\n<link rel=\"canonical\" href=\"https:\/\/eco-modular.es\/en\/uso-de-herramientas-de-accesibilidad\/\" \/>\n<meta property=\"og:locale\" content=\"en_US\" \/>\n<meta property=\"og:type\" content=\"article\" \/>\n<meta property=\"og:title\" content=\"Uso de herramientas de accesibilidad - Viviendas modulares en Asturias\" \/>\n<meta property=\"og:description\" content=\"Uso de herramientas de accesibilidad Herramienta de accesibilidad general Si pulsas sobre el icono que aparece en el medio de tu pantalla del lado izquierdo se abre un men\u00fa en el cual podr\u00e1s realizar las siguientes acciones; Aumentar y disminuir el tama\u00f1o de la letraEscala de grises, todo el contenido se volver\u00e1 de color gris [&hellip;]\" \/>\n<meta property=\"og:url\" content=\"https:\/\/eco-modular.es\/en\/uso-de-herramientas-de-accesibilidad\/\" \/>\n<meta property=\"og:site_name\" content=\"Viviendas modulares en Asturias\" \/>\n<meta property=\"article:modified_time\" content=\"2023-09-01T09:37:35+00:00\" \/>\n<meta name=\"twitter:card\" content=\"summary_large_image\" \/>\n<meta name=\"twitter:label1\" content=\"Est. reading time\" \/>\n\t<meta name=\"twitter:data1\" content=\"2 minutes\" \/>\n<script type=\"application\/ld+json\" class=\"yoast-schema-graph\">{\"@context\":\"https:\/\/schema.org\",\"@graph\":[{\"@type\":\"WebPage\",\"@id\":\"http:\/\/eco-modular.es\/uso-de-herramientas-de-accesibilidad\/\",\"url\":\"http:\/\/eco-modular.es\/uso-de-herramientas-de-accesibilidad\/\",\"name\":\"Uso de herramientas de accesibilidad - Viviendas modulares en Asturias\",\"isPartOf\":{\"@id\":\"https:\/\/eco-modular.es\/#website\"},\"datePublished\":\"2023-09-01T09:36:05+00:00\",\"dateModified\":\"2023-09-01T09:37:35+00:00\",\"breadcrumb\":{\"@id\":\"http:\/\/eco-modular.es\/uso-de-herramientas-de-accesibilidad\/#breadcrumb\"},\"inLanguage\":\"en-US\",\"potentialAction\":[{\"@type\":\"ReadAction\",\"target\":[\"http:\/\/eco-modular.es\/uso-de-herramientas-de-accesibilidad\/\"]}]},{\"@type\":\"BreadcrumbList\",\"@id\":\"http:\/\/eco-modular.es\/uso-de-herramientas-de-accesibilidad\/#breadcrumb\",\"itemListElement\":[{\"@type\":\"ListItem\",\"position\":1,\"name\":\"Portada\",\"item\":\"https:\/\/eco-modular.es\/\"},{\"@type\":\"ListItem\",\"position\":2,\"name\":\"Uso de herramientas de accesibilidad\"}]},{\"@type\":\"WebSite\",\"@id\":\"https:\/\/eco-modular.es\/#website\",\"url\":\"https:\/\/eco-modular.es\/\",\"name\":\"Viviendas modulares en Asturias\",\"description\":\"Eco-modular house\",\"publisher\":{\"@id\":\"https:\/\/eco-modular.es\/#organization\"},\"potentialAction\":[{\"@type\":\"SearchAction\",\"target\":{\"@type\":\"EntryPoint\",\"urlTemplate\":\"https:\/\/eco-modular.es\/?s={search_term_string}\"},\"query-input\":\"required name=search_term_string\"}],\"inLanguage\":\"en-US\"},{\"@type\":\"Organization\",\"@id\":\"https:\/\/eco-modular.es\/#organization\",\"name\":\"Viviendas modulares en Asturias\",\"url\":\"https:\/\/eco-modular.es\/\",\"logo\":{\"@type\":\"ImageObject\",\"inLanguage\":\"en-US\",\"@id\":\"https:\/\/eco-modular.es\/#\/schema\/logo\/image\/\",\"url\":\"https:\/\/eco-modular.es\/wp-content\/uploads\/2023\/06\/cropped-TextLogo.png\",\"contentUrl\":\"https:\/\/eco-modular.es\/wp-content\/uploads\/2023\/06\/cropped-TextLogo.png\",\"width\":848,\"height\":104,\"caption\":\"Viviendas modulares en Asturias\"},\"image\":{\"@id\":\"https:\/\/eco-modular.es\/#\/schema\/logo\/image\/\"}}]}<\/script>\n<!-- \/ Yoast SEO plugin. -->","yoast_head_json":{"title":"Uso de herramientas de accesibilidad - Viviendas modulares en Asturias","robots":{"index":"index","follow":"follow","max-snippet":"max-snippet:-1","max-image-preview":"max-image-preview:large","max-video-preview":"max-video-preview:-1"},"canonical":"https:\/\/eco-modular.es\/en\/uso-de-herramientas-de-accesibilidad\/","og_locale":"en_US","og_type":"article","og_title":"Uso de herramientas de accesibilidad - Viviendas modulares en Asturias","og_description":"Uso de herramientas de accesibilidad Herramienta de accesibilidad general Si pulsas sobre el icono que aparece en el medio de tu pantalla del lado izquierdo se abre un men\u00fa en el cual podr\u00e1s realizar las siguientes acciones; Aumentar y disminuir el tama\u00f1o de la letraEscala de grises, todo el contenido se volver\u00e1 de color gris [&hellip;]","og_url":"https:\/\/eco-modular.es\/en\/uso-de-herramientas-de-accesibilidad\/","og_site_name":"Viviendas modulares en Asturias","article_modified_time":"2023-09-01T09:37:35+00:00","twitter_card":"summary_large_image","twitter_misc":{"Est. reading time":"2 minutes"},"schema":{"@context":"https:\/\/schema.org","@graph":[{"@type":"WebPage","@id":"http:\/\/eco-modular.es\/uso-de-herramientas-de-accesibilidad\/","url":"http:\/\/eco-modular.es\/uso-de-herramientas-de-accesibilidad\/","name":"Uso de herramientas de accesibilidad - Viviendas modulares en Asturias","isPartOf":{"@id":"https:\/\/eco-modular.es\/#website"},"datePublished":"2023-09-01T09:36:05+00:00","dateModified":"2023-09-01T09:37:35+00:00","breadcrumb":{"@id":"http:\/\/eco-modular.es\/uso-de-herramientas-de-accesibilidad\/#breadcrumb"},"inLanguage":"en-US","potentialAction":[{"@type":"ReadAction","target":["http:\/\/eco-modular.es\/uso-de-herramientas-de-accesibilidad\/"]}]},{"@type":"BreadcrumbList","@id":"http:\/\/eco-modular.es\/uso-de-herramientas-de-accesibilidad\/#breadcrumb","itemListElement":[{"@type":"ListItem","position":1,"name":"Portada","item":"https:\/\/eco-modular.es\/"},{"@type":"ListItem","position":2,"name":"Uso de herramientas de accesibilidad"}]},{"@type":"WebSite","@id":"https:\/\/eco-modular.es\/#website","url":"https:\/\/eco-modular.es\/","name":"Viviendas modulares en Asturias","description":"Eco-modular house","publisher":{"@id":"https:\/\/eco-modular.es\/#organization"},"potentialAction":[{"@type":"SearchAction","target":{"@type":"EntryPoint","urlTemplate":"https:\/\/eco-modular.es\/?s={search_term_string}"},"query-input":"required name=search_term_string"}],"inLanguage":"en-US"},{"@type":"Organization","@id":"https:\/\/eco-modular.es\/#organization","name":"Viviendas modulares en Asturias","url":"https:\/\/eco-modular.es\/","logo":{"@type":"ImageObject","inLanguage":"en-US","@id":"https:\/\/eco-modular.es\/#\/schema\/logo\/image\/","url":"https:\/\/eco-modular.es\/wp-content\/uploads\/2023\/06\/cropped-TextLogo.png","contentUrl":"https:\/\/eco-modular.es\/wp-content\/uploads\/2023\/06\/cropped-TextLogo.png","width":848,"height":104,"caption":"Viviendas modulares en Asturias"},"image":{"@id":"https:\/\/eco-modular.es\/#\/schema\/logo\/image\/"}}]}},"rttpg_featured_image_url":null,"rttpg_author":{"display_name":"admin","author_link":"https:\/\/eco-modular.es\/en\/author\/admin\/"},"rttpg_comment":0,"rttpg_category":null,"rttpg_excerpt":"Uso de herramientas de accesibilidad Herramienta de accesibilidad general Si pulsas sobre el icono que aparece en el medio de tu pantalla del lado izquierdo se abre un men\u00fa en el cual podr\u00e1s realizar las siguientes acciones; Aumentar y disminuir el tama\u00f1o de la letraEscala de grises, todo el contenido se volver\u00e1 de color gris&hellip;","_links":{"self":[{"href":"https:\/\/eco-modular.es\/en\/wp-json\/wp\/v2\/pages\/3190"}],"collection":[{"href":"https:\/\/eco-modular.es\/en\/wp-json\/wp\/v2\/pages"}],"about":[{"href":"https:\/\/eco-modular.es\/en\/wp-json\/wp\/v2\/types\/page"}],"author":[{"embeddable":true,"href":"https:\/\/eco-modular.es\/en\/wp-json\/wp\/v2\/users\/1"}],"replies":[{"embeddable":true,"href":"https:\/\/eco-modular.es\/en\/wp-json\/wp\/v2\/comments?post=3190"}],"version-history":[{"count":4,"href":"https:\/\/eco-modular.es\/en\/wp-json\/wp\/v2\/pages\/3190\/revisions"}],"predecessor-version":[{"id":3194,"href":"https:\/\/eco-modular.es\/en\/wp-json\/wp\/v2\/pages\/3190\/revisions\/3194"}],"wp:attachment":[{"href":"https:\/\/eco-modular.es\/en\/wp-json\/wp\/v2\/media?parent=3190"}],"curies":[{"name":"wp","href":"https:\/\/api.w.org\/{rel}","templated":true}]}}